{"id":4307,"date":"2025-02-06T16:50:56","date_gmt":"2025-02-06T13:50:56","guid":{"rendered":"https:\/\/konveka.metamark-dev.com\/produktas\/kasetinis-fankoilas-cf2-205-ac\/"},"modified":"2025-05-30T14:30:19","modified_gmt":"2025-05-30T11:30:19","slug":"kasetinis-fankoilas-cf2-205-ac","status":"publish","type":"product","link":"https:\/\/konveka.metamark-dev.com\/en\/produktas\/kasetinis-fankoilas-cf2-205-ac\/","title":{"rendered":"Cassette fan coil"},"content":{"rendered":"<table style=\"height: 469px;\" width=\"1057\">\n<tbody>\n<tr>\n<td width=\"498\" height=\"19\">\u2022 Itin tylus veikimas.<\/td>\n<\/tr>\n<tr>\n<td width=\"498\" height=\"19\">\u2022 \u012erenginiai, kuri\u0173 v\u0117sinimo galia iki 7500 W, yra tik 242 mm auk\u0161\u010dio, o galingesni &#8211; 292 mm auk\u0161\u010dio.<\/td>\n<\/tr>\n<tr>\n<td width=\"498\" height=\"38\">\u2022 Integruotas kondensato drena\u017eo siurblys.<\/td>\n<\/tr>\n<tr>\n<td width=\"498\" height=\"19\">\u2022 Integruotas pl\u016bdinis jungiklis.<\/td>\n<\/tr>\n<tr>\n<td width=\"498\" height=\"38\">\u2022 \u0160ilumokai\u010diai su hidrofobin\u0117mis plok\u0161tel\u0117mis.<\/td>\n<\/tr>\n<tr>\n<td width=\"498\" height=\"38\">\u2022 Nuotolinio valdymo pultas.<\/td>\n<\/tr>\n<tr>\n<td width=\"498\" height=\"38\">\u2022 Modeliai su kintamos srov\u0117s (AC) tipo varikliais turi 3 grei\u010dius.<\/td>\n<\/tr>\n<tr>\n<td width=\"498\" height=\"56\">\u2022 Abiej\u0173 tip\u0173 varikliai turi patikimus savaiminio tepimo guolius.<\/td>\n<\/tr>\n<tr>\n<td width=\"498\" height=\"19\">\u2022 MATMENYS. Ilgis: 84 cm, plotis: 84 cm, auk\u0161tis: 29,2 cm.<\/td>\n<\/tr>\n<tr>\n<td width=\"498\" height=\"38\">\u2022 GALIA. 10805 W (7\/12\/27 \u00b0C); 5356 W (12\/17\/27 \u00b0C); 5843 W (35\/30\/20 \u00b0C); 11369 W (45\/40\/20 \u00b0C).<\/td>\n<\/tr>\n<\/tbody>\n<\/table>\n","protected":false},"excerpt":{"rendered":"<p>\u2022 Itin tylus veikimas. \u2022 \u012erenginiai, kuri\u0173 v\u0117sinimo galia iki 7500 W, yra tik 242 mm auk\u0161\u010dio, o galingesni &#8211; 292 mm auk\u0161\u010dio. \u2022 Integruotas kondensato drena\u017eo siurblys. \u2022 Integruotas pl\u016bdinis jungiklis. \u2022 \u0160ilumokai\u010diai su hidrofobin\u0117mis plok\u0161tel\u0117mis. \u2022 Nuotolinio valdymo pultas. \u2022 Modeliai su kintamos srov\u0117s (AC) tipo varikliais turi 3 grei\u010dius. \u2022 Abiej\u0173 tip\u0173&#8230;<\/p>\n","protected":false},"featured_media":3938,"comment_status":"closed","ping_status":"closed","template":"","meta":{"_acf_changed":false},"product_brand":[],"product_cat":[1897,1898,1899],"product_tag":[],"class_list":{"0":"post-4307","1":"product","2":"type-product","3":"status-publish","4":"has-post-thumbnail","6":"product_cat-fan-coils","7":"product_cat-cassette-fan-coils","8":"product_cat-cf-en","10":"first","11":"instock","12":"featured","13":"taxable","14":"shipping-taxable","15":"purchasable","16":"product-type-simple"},"acf":[],"yoast_head":"<!-- This site is optimized with the Yoast SEO plugin v24.7 - https:\/\/yoast.com\/wordpress\/plugins\/seo\/ -->\n<title>Cassette fan coil - Konveka<\/title>\n<meta name=\"robots\" content=\"noindex, follow, max-snippet:-1, max-image-preview:large, max-video-preview:-1\" \/>\n<meta property=\"og:locale\" content=\"en_US\" \/>\n<meta property=\"og:type\" content=\"article\" \/>\n<meta property=\"og:title\" content=\"Cassette fan coil - Konveka\" \/>\n<meta property=\"og:description\" content=\"\u2022 Itin tylus veikimas. \u2022 \u012erenginiai, kuri\u0173 v\u0117sinimo galia iki 7500 W, yra tik 242 mm auk\u0161\u010dio, o galingesni &#8211; 292 mm auk\u0161\u010dio. \u2022 Integruotas kondensato drena\u017eo siurblys. \u2022 Integruotas pl\u016bdinis jungiklis. \u2022 \u0160ilumokai\u010diai su hidrofobin\u0117mis plok\u0161tel\u0117mis. \u2022 Nuotolinio valdymo pultas. \u2022 Modeliai su kintamos srov\u0117s (AC) tipo varikliais turi 3 grei\u010dius. \u2022 Abiej\u0173 tip\u0173...\" \/>\n<meta property=\"og:url\" content=\"https:\/\/konveka.metamark-dev.com\/en\/produktas\/kasetinis-fankoilas-cf2-205-ac\/\" \/>\n<meta property=\"og:site_name\" content=\"Konveka\" \/>\n<meta property=\"article:modified_time\" content=\"2025-05-30T11:30:19+00:00\" \/>\n<meta property=\"og:image\" content=\"https:\/\/konveka.metamark-dev.com\/wp-content\/uploads\/CF2-205-AC.png\" \/>\n\t<meta property=\"og:image:width\" content=\"1000\" \/>\n\t<meta property=\"og:image:height\" content=\"1000\" \/>\n\t<meta property=\"og:image:type\" content=\"image\/png\" \/>\n<meta name=\"twitter:card\" content=\"summary_large_image\" \/>\n<meta name=\"twitter:label1\" content=\"Est. reading time\" \/>\n\t<meta name=\"twitter:data1\" content=\"1 minute\" \/>\n<script type=\"application\/ld+json\" class=\"yoast-schema-graph\">{\"@context\":\"https:\/\/schema.org\",\"@graph\":[{\"@type\":\"WebPage\",\"@id\":\"https:\/\/konveka.metamark-dev.com\/en\/produktas\/kasetinis-fankoilas-cf2-205-ac\/\",\"url\":\"https:\/\/konveka.metamark-dev.com\/en\/produktas\/kasetinis-fankoilas-cf2-205-ac\/\",\"name\":\"Cassette fan coil - Konveka\",\"isPartOf\":{\"@id\":\"https:\/\/konveka.metamark-dev.com\/en\/#website\"},\"primaryImageOfPage\":{\"@id\":\"https:\/\/konveka.metamark-dev.com\/en\/produktas\/kasetinis-fankoilas-cf2-205-ac\/#primaryimage\"},\"image\":{\"@id\":\"https:\/\/konveka.metamark-dev.com\/en\/produktas\/kasetinis-fankoilas-cf2-205-ac\/#primaryimage\"},\"thumbnailUrl\":\"https:\/\/konveka.metamark-dev.com\/wp-content\/uploads\/CF2-205-AC.png\",\"datePublished\":\"2025-02-06T13:50:56+00:00\",\"dateModified\":\"2025-05-30T11:30:19+00:00\",\"breadcrumb\":{\"@id\":\"https:\/\/konveka.metamark-dev.com\/en\/produktas\/kasetinis-fankoilas-cf2-205-ac\/#breadcrumb\"},\"inLanguage\":\"en-US\",\"potentialAction\":[{\"@type\":\"ReadAction\",\"target\":[\"https:\/\/konveka.metamark-dev.com\/en\/produktas\/kasetinis-fankoilas-cf2-205-ac\/\"]}]},{\"@type\":\"ImageObject\",\"inLanguage\":\"en-US\",\"@id\":\"https:\/\/konveka.metamark-dev.com\/en\/produktas\/kasetinis-fankoilas-cf2-205-ac\/#primaryimage\",\"url\":\"https:\/\/konveka.metamark-dev.com\/wp-content\/uploads\/CF2-205-AC.png\",\"contentUrl\":\"https:\/\/konveka.metamark-dev.com\/wp-content\/uploads\/CF2-205-AC.png\",\"width\":1000,\"height\":1000},{\"@type\":\"BreadcrumbList\",\"@id\":\"https:\/\/konveka.metamark-dev.com\/en\/produktas\/kasetinis-fankoilas-cf2-205-ac\/#breadcrumb\",\"itemListElement\":[{\"@type\":\"ListItem\",\"position\":1,\"name\":\"Home\",\"item\":\"https:\/\/konveka.metamark-dev.com\/en\/\"},{\"@type\":\"ListItem\",\"position\":2,\"name\":\"Katalogas\",\"item\":\"https:\/\/konveka.metamark-dev.com\/katalogas\/\"},{\"@type\":\"ListItem\",\"position\":3,\"name\":\"Cassette fan coil\"}]},{\"@type\":\"WebSite\",\"@id\":\"https:\/\/konveka.metamark-dev.com\/en\/#website\",\"url\":\"https:\/\/konveka.metamark-dev.com\/en\/\",\"name\":\"Konveka\",\"description\":\"\",\"potentialAction\":[{\"@type\":\"SearchAction\",\"target\":{\"@type\":\"EntryPoint\",\"urlTemplate\":\"https:\/\/konveka.metamark-dev.com\/en\/?s={search_term_string}\"},\"query-input\":{\"@type\":\"PropertyValueSpecification\",\"valueRequired\":true,\"valueName\":\"search_term_string\"}}],\"inLanguage\":\"en-US\"}]}<\/script>\n<!-- \/ Yoast SEO plugin. -->","yoast_head_json":{"title":"Cassette fan coil - Konveka","robots":{"index":"noindex","follow":"follow","max-snippet":"max-snippet:-1","max-image-preview":"max-image-preview:large","max-video-preview":"max-video-preview:-1"},"og_locale":"en_US","og_type":"article","og_title":"Cassette fan coil - Konveka","og_description":"\u2022 Itin tylus veikimas. \u2022 \u012erenginiai, kuri\u0173 v\u0117sinimo galia iki 7500 W, yra tik 242 mm auk\u0161\u010dio, o galingesni &#8211; 292 mm auk\u0161\u010dio. \u2022 Integruotas kondensato drena\u017eo siurblys. \u2022 Integruotas pl\u016bdinis jungiklis. \u2022 \u0160ilumokai\u010diai su hidrofobin\u0117mis plok\u0161tel\u0117mis. \u2022 Nuotolinio valdymo pultas. \u2022 Modeliai su kintamos srov\u0117s (AC) tipo varikliais turi 3 grei\u010dius. \u2022 Abiej\u0173 tip\u0173...","og_url":"https:\/\/konveka.metamark-dev.com\/en\/produktas\/kasetinis-fankoilas-cf2-205-ac\/","og_site_name":"Konveka","article_modified_time":"2025-05-30T11:30:19+00:00","og_image":[{"width":1000,"height":1000,"url":"https:\/\/konveka.metamark-dev.com\/wp-content\/uploads\/CF2-205-AC.png","type":"image\/png"}],"twitter_card":"summary_large_image","twitter_misc":{"Est. reading time":"1 minute"},"schema":{"@context":"https:\/\/schema.org","@graph":[{"@type":"WebPage","@id":"https:\/\/konveka.metamark-dev.com\/en\/produktas\/kasetinis-fankoilas-cf2-205-ac\/","url":"https:\/\/konveka.metamark-dev.com\/en\/produktas\/kasetinis-fankoilas-cf2-205-ac\/","name":"Cassette fan coil - Konveka","isPartOf":{"@id":"https:\/\/konveka.metamark-dev.com\/en\/#website"},"primaryImageOfPage":{"@id":"https:\/\/konveka.metamark-dev.com\/en\/produktas\/kasetinis-fankoilas-cf2-205-ac\/#primaryimage"},"image":{"@id":"https:\/\/konveka.metamark-dev.com\/en\/produktas\/kasetinis-fankoilas-cf2-205-ac\/#primaryimage"},"thumbnailUrl":"https:\/\/konveka.metamark-dev.com\/wp-content\/uploads\/CF2-205-AC.png","datePublished":"2025-02-06T13:50:56+00:00","dateModified":"2025-05-30T11:30:19+00:00","breadcrumb":{"@id":"https:\/\/konveka.metamark-dev.com\/en\/produktas\/kasetinis-fankoilas-cf2-205-ac\/#breadcrumb"},"inLanguage":"en-US","potentialAction":[{"@type":"ReadAction","target":["https:\/\/konveka.metamark-dev.com\/en\/produktas\/kasetinis-fankoilas-cf2-205-ac\/"]}]},{"@type":"ImageObject","inLanguage":"en-US","@id":"https:\/\/konveka.metamark-dev.com\/en\/produktas\/kasetinis-fankoilas-cf2-205-ac\/#primaryimage","url":"https:\/\/konveka.metamark-dev.com\/wp-content\/uploads\/CF2-205-AC.png","contentUrl":"https:\/\/konveka.metamark-dev.com\/wp-content\/uploads\/CF2-205-AC.png","width":1000,"height":1000},{"@type":"BreadcrumbList","@id":"https:\/\/konveka.metamark-dev.com\/en\/produktas\/kasetinis-fankoilas-cf2-205-ac\/#breadcrumb","itemListElement":[{"@type":"ListItem","position":1,"name":"Home","item":"https:\/\/konveka.metamark-dev.com\/en\/"},{"@type":"ListItem","position":2,"name":"Katalogas","item":"https:\/\/konveka.metamark-dev.com\/katalogas\/"},{"@type":"ListItem","position":3,"name":"Cassette fan coil"}]},{"@type":"WebSite","@id":"https:\/\/konveka.metamark-dev.com\/en\/#website","url":"https:\/\/konveka.metamark-dev.com\/en\/","name":"Konveka","description":"","potentialAction":[{"@type":"SearchAction","target":{"@type":"EntryPoint","urlTemplate":"https:\/\/konveka.metamark-dev.com\/en\/?s={search_term_string}"},"query-input":{"@type":"PropertyValueSpecification","valueRequired":true,"valueName":"search_term_string"}}],"inLanguage":"en-US"}]}},"_links":{"self":[{"href":"https:\/\/konveka.metamark-dev.com\/en\/wp-json\/wp\/v2\/product\/4307","targetHints":{"allow":["GET"]}}],"collection":[{"href":"https:\/\/konveka.metamark-dev.com\/en\/wp-json\/wp\/v2\/product"}],"about":[{"href":"https:\/\/konveka.metamark-dev.com\/en\/wp-json\/wp\/v2\/types\/product"}],"replies":[{"embeddable":true,"href":"https:\/\/konveka.metamark-dev.com\/en\/wp-json\/wp\/v2\/comments?post=4307"}],"wp:featuredmedia":[{"embeddable":true,"href":"https:\/\/konveka.metamark-dev.com\/en\/wp-json\/wp\/v2\/media\/3938"}],"wp:attachment":[{"href":"https:\/\/konveka.metamark-dev.com\/en\/wp-json\/wp\/v2\/media?parent=4307"}],"wp:term":[{"taxonomy":"product_brand","embeddable":true,"href":"https:\/\/konveka.metamark-dev.com\/en\/wp-json\/wp\/v2\/product_brand?post=4307"},{"taxonomy":"product_cat","embeddable":true,"href":"https:\/\/konveka.metamark-dev.com\/en\/wp-json\/wp\/v2\/product_cat?post=4307"},{"taxonomy":"product_tag","embeddable":true,"href":"https:\/\/konveka.metamark-dev.com\/en\/wp-json\/wp\/v2\/product_tag?post=4307"}],"curies":[{"name":"wp","href":"https:\/\/api.w.org\/{rel}","templated":true}]}}