{"id":4055,"date":"2024-11-29T17:42:07","date_gmt":"2024-11-29T14:42:07","guid":{"rendered":"https:\/\/konveka.metamark-dev.com\/kontaktai\/"},"modified":"2025-05-02T10:08:54","modified_gmt":"2025-05-02T07:08:54","slug":"kontaktai","status":"publish","type":"page","link":"https:\/\/konveka.metamark-dev.com\/en\/kontaktai\/","title":{"rendered":"Contacts"},"content":{"rendered":"<section class=\"l-section wpb_row us_custom_921ecd5f height_medium color_alternate\"><div class=\"l-section-overlay\" style=\"background:linear-gradient(90deg,rgba(0,0,0,0.4),rgba(0,0,0,0))\"><\/div><div class=\"l-section-h i-cf\"><div class=\"g-cols vc_row via_grid cols_1 laptops-cols_inherit tablets-cols_inherit mobiles-cols_1 valign_top type_default stacking_default\"><div class=\"wpb_column vc_column_container\"><div class=\"vc_column-inner\"><nav class=\"g-breadcrumbs us_custom_4e7a154b separator_custom align_none\" itemscope itemtype=\"http:\/\/schema.org\/BreadcrumbList\"><div class=\"g-breadcrumbs-item\" itemscope itemprop=\"itemListElement\" itemtype=\"http:\/\/schema.org\/ListItem\"><a itemprop=\"item\" href=\"https:\/\/konveka.metamark-dev.com\/en\/\"><span itemprop=\"name\">Home<\/span><\/a><meta itemprop=\"position\" content=\"1\"\/><\/div><div class=\"g-breadcrumbs-separator\">\/<\/div><div class=\"g-breadcrumbs-item\">Pages<\/div><\/nav><div class=\"w-separator size_custom\" style=\"height:1vmax\"><\/div><h3 class=\"w-post-elm post_title entry-title color_link_inherit\">Contacts<\/h3><\/div><\/div><\/div><\/div><\/section><section class=\"l-section wpb_row us_custom_19737bc8 height_large\"><div class=\"l-section-h i-cf\"><div class=\"g-cols vc_row via_grid cols_3-2 laptops-cols_inherit tablets-cols_inherit mobiles-cols_1 valign_top type_default stacking_default\" style=\"--gap:3rem;--laptops-gap:3rem;--tablets-gap:3rem;--mobiles-gap:2rem;\"><div class=\"wpb_column vc_column_container\"><div class=\"vc_column-inner\"><h5 class=\"w-text us_custom_4ee4efdb\"><span class=\"w-text-h\"><span class=\"w-text-value\">Contact information<\/span><\/span><\/h5><div class=\"w-separator size_custom\" style=\"height:0.3vmax\"><\/div><h6 class=\"w-text us_custom_ab984c8c\"><span class=\"w-text-h\"><span class=\"w-text-value\">Konveka UAB<\/span><\/span><\/h6><div class=\"wpb_text_column us_custom_eecd5a9b\"><div class=\"wpb_wrapper\"><p><span data-sheets-root=\"1\">Company code:\u00a0303099243<\/span><br \/>\n<span data-sheets-root=\"1\">VAT payer code:\u00a0LT100007899819<\/span><br \/>\n<span data-sheets-root=\"1\">Address:\u00a0Vokie\u010di\u0173 St. 185, 45251 Kaunas<\/span><\/p>\n<\/div><\/div><div class=\"w-separator size_custom with_line width_default thick_1 style_solid color_border align_center\" style=\"height:6vmax\" id=\"cd91\"><style>@media(max-width:600px){ #cd91{height:6rem!important}}<\/style><div class=\"w-separator-h\"><\/div><\/div><div class=\"g-cols wpb_row via_grid cols_2 laptops-cols_inherit tablets-cols_inherit mobiles-cols_1 valign_top type_default stacking_default\" style=\"--gap:2rem;--laptops-gap:2rem;--tablets-gap:2rem;--mobiles-gap:1rem;\"><div class=\"wpb_column vc_column_container us_custom_c778caf4 has_bg_color\"><div class=\"vc_column-inner\"><div class=\"w-hwrapper us_custom_e6c845fb valign_top align_none\" style=\"--hwrapper-gap:0.7rem\"><div class=\"w-vwrapper align_none valign_top\" style=\"--vwrapper-gap:0rem\"><div class=\"w-text\"><span class=\"w-text-h\"><span class=\"w-text-value\">Telephone<\/span><\/span><\/div><h6 class=\"w-text us_custom_24925f7e has_text_color\"><a href=\"tel:+370 677 06303\" class=\"w-text-h\"><span class=\"w-text-value\">+370 677 06303<\/span><\/a><\/h6><\/div><\/div><\/div><\/div><div class=\"wpb_column vc_column_container us_custom_c778caf4 has_bg_color\"><div class=\"vc_column-inner\"><div class=\"w-hwrapper us_custom_e6c845fb valign_top align_none\" style=\"--hwrapper-gap:0.7rem\"><div class=\"w-vwrapper align_none valign_top\" style=\"--vwrapper-gap:0rem\"><div class=\"w-text\"><span class=\"w-text-h\"><span class=\"w-text-value\">Telephone<\/span><\/span><\/div><h6 class=\"w-text us_custom_24925f7e has_text_color\"><a href=\"tel:+370 600 05968\" class=\"w-text-h\"><span class=\"w-text-value\">+370 600 05968<\/span><\/a><\/h6><\/div><\/div><\/div><\/div><\/div><div class=\"w-separator size_custom\" style=\"height:2rem\" id=\"t35d\"><style>@media(max-width:600px){ #t35d{height:1rem!important}}<\/style><\/div><div class=\"g-cols wpb_row via_grid cols_2 laptops-cols_inherit tablets-cols_inherit mobiles-cols_1 valign_top type_default stacking_default\" style=\"--gap:2rem;--laptops-gap:2rem;--tablets-gap:2rem;--mobiles-gap:1rem;\"><div class=\"wpb_column vc_column_container us_custom_c778caf4 has_bg_color\"><div class=\"vc_column-inner\"><div class=\"w-hwrapper us_custom_e6c845fb valign_top align_none\" style=\"--hwrapper-gap:0.7rem\"><div class=\"w-vwrapper align_none valign_top\" style=\"--vwrapper-gap:0rem\"><div class=\"w-text\"><span class=\"w-text-h\"><span class=\"w-text-value\">E-mail<\/span><\/span><\/div><h6 class=\"w-text us_custom_24925f7e has_text_color\"><a href=\"mailto:sales@konveka.lt\" class=\"w-text-h\"><span class=\"w-text-value\">sales@konveka.lt<\/span><\/a><\/h6><\/div><\/div><\/div><\/div><div class=\"wpb_column vc_column_container us_custom_c778caf4 has_bg_color\"><div class=\"vc_column-inner\"><div class=\"w-hwrapper us_custom_e6c845fb valign_top align_none\" style=\"--hwrapper-gap:0.7rem\"><div class=\"w-vwrapper align_none valign_top\" style=\"--vwrapper-gap:0rem\"><div class=\"w-text\"><span class=\"w-text-h\"><span class=\"w-text-value\">Address<\/span><\/span><\/div><h6 class=\"w-text us_custom_24925f7e has_text_color\"><a target=\"_blank\" href=\"https:\/\/maps.app.goo.gl\/Ubav4PFVcRkUaKiJA\" class=\"w-text-h\"><span class=\"w-text-value\">Vokie\u010di\u0173 St. 185, 45251 Kaunas<\/span><\/a><\/h6><\/div><\/div><\/div><\/div><\/div><div class=\"w-separator hide_on_tablets hide_on_mobiles size_custom with_line width_default thick_1 style_solid color_border align_center\" style=\"height:6vmax\" id=\"m830\"><style>@media(max-width:600px){ #m830{height:6rem!important}}<\/style><div class=\"w-separator-h\"><\/div><\/div><div class=\"w-separator hide_on_default hide_on_laptops size_custom\" style=\"height:4vmax\"><\/div><div class=\"wpb_text_column\"><div class=\"wpb_wrapper\"><p><iframe loading=\"lazy\" style=\"border: 0; width: 100%;\" src=\"https:\/\/www.google.com\/maps\/embed?pb=!1m14!1m8!1m3!1d2296.2492854558454!2d23.9462929!3d54.8634337!3m2!1i1024!2i768!4f13.1!3m3!1m2!1s0x46e7223824ea4005%3A0x52a498701b61a0f9!2sKonveka%2C%20UAB!5e0!3m2!1slt!2sua!4v1733214171279!5m2!1slt!2sua\" width=\"600\" height=\"450\" allowfullscreen=\"allowfullscreen\"><\/iframe><\/p>\n<\/div><\/div><\/div><\/div><div class=\"wpb_column vc_column_container type_sticky\"><div class=\"vc_column-inner\"><div class=\"w-vwrapper us_custom_390dd8c1 align_none valign_top\" style=\"--vwrapper-gap:0rem\"><h6 class=\"w-text\"><span class=\"w-text-h\"><span class=\"w-text-value\">Do you have questions? Feel free to ask!<\/span><\/span><\/h6><div class=\"wpforms-container wpforms-container-full contact wpforms-render-modern\" id=\"wpforms-23\"><form id=\"wpforms-form-23\" class=\"wpforms-validate wpforms-form wpforms-ajax-form\" data-formid=\"23\" method=\"post\" enctype=\"multipart\/form-data\" action=\"\/en\/wp-json\/wp\/v2\/pages\/4055\" data-token=\"e4e9cb693bc7de939255195ba395b292\" data-token-time=\"1777137063\"><noscript class=\"wpforms-error-noscript\">Please enable JavaScript in your browser to complete this form.<\/noscript><div class=\"wpforms-hidden\" id=\"wpforms-error-noscript\">Please enable JavaScript in your browser to complete this form.<\/div><div class=\"wpforms-field-container\"><div id=\"wpforms-23-field_1-container\" class=\"wpforms-field wpforms-field-name\" data-field-id=\"1\"><label class=\"wpforms-field-label wpforms-label-hide\" for=\"wpforms-23-field_1\" aria-hidden=\"false\">Name <span class=\"wpforms-required-label\" aria-hidden=\"true\">*<\/span><\/label><input type=\"text\" id=\"wpforms-23-field_1\" class=\"wpforms-field-large wpforms-field-required\" name=\"wpforms[fields][1]\" placeholder=\"Name\" aria-errormessage=\"wpforms-23-field_1-error\" required><\/div><div id=\"wpforms-23-field_2-container\" class=\"wpforms-field wpforms-field-email\" data-field-id=\"2\"><label class=\"wpforms-field-label wpforms-label-hide\" for=\"wpforms-23-field_2\" aria-hidden=\"false\">Email <span class=\"wpforms-required-label\" aria-hidden=\"true\">*<\/span><\/label><input type=\"email\" id=\"wpforms-23-field_2\" class=\"wpforms-field-large wpforms-field-required\" name=\"wpforms[fields][2]\" placeholder=\"E-mail\" spellcheck=\"false\" aria-errormessage=\"wpforms-23-field_2-error\" required><\/div><div id=\"wpforms-23-field_4-container\" class=\"wpforms-field wpforms-field-phone\" data-field-id=\"4\"><label class=\"wpforms-field-label wpforms-label-hide\" for=\"wpforms-23-field_4\" aria-hidden=\"false\">Phone <span class=\"wpforms-required-label\" aria-hidden=\"true\">*<\/span><\/label><input type=\"tel\" id=\"wpforms-23-field_4\" class=\"wpforms-field-large wpforms-field-required wpforms-smart-phone-field\" data-rule-smart-phone-field=\"true\" name=\"wpforms[fields][4]\" placeholder=\"Telephone\" aria-label=\"Phone\" aria-errormessage=\"wpforms-23-field_4-error\" required><\/div><div id=\"wpforms-23-field_3-container\" class=\"wpforms-field wpforms-field-textarea\" data-field-id=\"3\"><label class=\"wpforms-field-label wpforms-label-hide\" for=\"wpforms-23-field_3\" aria-hidden=\"false\">Comment or Message<\/label><textarea id=\"wpforms-23-field_3\" class=\"wpforms-field-medium\" name=\"wpforms[fields][3]\" placeholder=\"Message\" aria-errormessage=\"wpforms-23-field_3-error\" ><\/textarea><\/div><div id=\"wpforms-23-field_5-container\" class=\"wpforms-field wpforms-field-checkbox\" data-field-id=\"5\"><fieldset><legend class=\"wpforms-field-label\">Find out how and for what purpose your data will be used by reading our Privacy Policy:\u00a0 <span class=\"wpforms-required-label\" aria-hidden=\"true\">*<\/span><\/legend><ul id=\"wpforms-23-field_5\" class=\"wpforms-field-required\"><li class=\"choice-1 depth-1\"><input type=\"checkbox\" id=\"wpforms-23-field_5_1\" name=\"wpforms[fields][5][]\" value=\"I confirm that&lt;a href=&quot;en\/privatumo-politika\/&quot;&gt;I have read and agree &lt;\/a&gt; to the Privacy Policy\" aria-errormessage=\"wpforms-23-field_5_1-error\" required ><label class=\"wpforms-field-label-inline\" for=\"wpforms-23-field_5_1\">I confirm that<a href=\"en\/privatumo-politika\/\">I have read and agree <\/a> to the Privacy Policy<\/label><\/li><li class=\"choice-2 depth-1\"><input type=\"checkbox\" id=\"wpforms-23-field_5_2\" name=\"wpforms[fields][5][]\" value=\"I agree to receive direct marketing offers related to my enquiry.\" aria-errormessage=\"wpforms-23-field_5_2-error\" required ><label class=\"wpforms-field-label-inline\" for=\"wpforms-23-field_5_2\">I agree to receive direct marketing offers related to my enquiry.<\/label><\/li><\/ul><\/fieldset><\/div><\/div><!-- .wpforms-field-container --><div class=\"wpforms-submit-container\" ><input type=\"hidden\" name=\"wpforms[id]\" value=\"23\"><input type=\"hidden\" name=\"page_title\" value=\"\"><input type=\"hidden\" name=\"page_url\" value=\"https:\/\/konveka.metamark-dev.com\/en\/wp-json\/wp\/v2\/pages\/4055\"><input type=\"hidden\" name=\"url_referer\" value=\"\"><button type=\"submit\" name=\"wpforms[submit]\" id=\"wpforms-submit-23\" class=\"wpforms-submit us-btn-style_1\" data-alt-text=\"Siuntimas...\" data-submit-text=\"Send enquiry\" aria-live=\"assertive\" value=\"wpforms-submit\">Send enquiry<\/button><img loading=\"lazy\" decoding=\"async\" src=\"https:\/\/konveka.metamark-dev.com\/wp-content\/plugins\/wpforms\/assets\/images\/submit-spin.svg\" class=\"wpforms-submit-spinner\" style=\"display: none;\" width=\"26\" height=\"26\" alt=\"Loading\"><\/div><\/form><\/div>  <!-- .wpforms-container --><\/div><\/div><\/div><\/div><\/div><\/section><section class=\"l-section wpb_row height_auto\"><div class=\"l-section-h i-cf\"><div class=\"g-cols vc_row via_grid cols_1 laptops-cols_inherit tablets-cols_inherit mobiles-cols_1 valign_top type_default stacking_default\"><div class=\"wpb_column vc_column_container\"><div class=\"vc_column-inner\"><div class=\"w-separator size_custom with_line width_default thick_1 style_solid color_border align_center\" style=\"height:10vmax\"><div class=\"w-separator-h\"><\/div><\/div><\/div><\/div><\/div><\/div><\/section>\n","protected":false},"excerpt":{"rendered":"Home\/PagesContactsContact informationKonveka UABCompany code:\u00a0303099243 VAT payer code:\u00a0LT100007899819 Address:\u00a0Vokie\u010di\u0173 St. 185, 45251 Kaunas Telephone+370 677 06303Telephone+370 600 05968E-mailsales@konveka.ltAddressVokie\u010di\u0173 St. 185, 45251 Kaunas Do you have questions? Feel free to ask!Please enable JavaScript in your browser to complete this form.Please enable JavaScript in your browser to complete this form.Name *Email *Phone *Comment or MessageFind out how and...","protected":false},"author":1,"featured_media":0,"parent":0,"menu_order":0,"comment_status":"closed","ping_status":"closed","template":"","meta":{"_acf_changed":false,"footnotes":""},"class_list":["post-4055","page","type-page","status-publish","hentry"],"acf":[],"yoast_head":"<!-- This site is optimized with the Yoast SEO plugin v24.7 - https:\/\/yoast.com\/wordpress\/plugins\/seo\/ -->\n<title>Contacts - Konveka<\/title>\n<meta name=\"robots\" content=\"noindex, follow, max-snippet:-1, max-image-preview:large, max-video-preview:-1\" \/>\n<meta property=\"og:locale\" content=\"en_US\" \/>\n<meta property=\"og:type\" content=\"article\" \/>\n<meta property=\"og:title\" content=\"Contacts - Konveka\" \/>\n<meta property=\"og:url\" content=\"https:\/\/konveka.metamark-dev.com\/en\/kontaktai\/\" \/>\n<meta property=\"og:site_name\" content=\"Konveka\" \/>\n<meta property=\"article:modified_time\" content=\"2025-05-02T07:08:54+00:00\" \/>\n<meta name=\"twitter:card\" content=\"summary_large_image\" \/>\n<meta name=\"twitter:label1\" content=\"Est. reading time\" \/>\n\t<meta name=\"twitter:data1\" content=\"1 minute\" \/>\n<script type=\"application\/ld+json\" class=\"yoast-schema-graph\">{\"@context\":\"https:\/\/schema.org\",\"@graph\":[{\"@type\":\"WebPage\",\"@id\":\"https:\/\/konveka.metamark-dev.com\/en\/kontaktai\/\",\"url\":\"https:\/\/konveka.metamark-dev.com\/en\/kontaktai\/\",\"name\":\"Contacts - Konveka\",\"isPartOf\":{\"@id\":\"https:\/\/konveka.metamark-dev.com\/en\/#website\"},\"datePublished\":\"2024-11-29T14:42:07+00:00\",\"dateModified\":\"2025-05-02T07:08:54+00:00\",\"breadcrumb\":{\"@id\":\"https:\/\/konveka.metamark-dev.com\/en\/kontaktai\/#breadcrumb\"},\"inLanguage\":\"en-US\",\"potentialAction\":[{\"@type\":\"ReadAction\",\"target\":[\"https:\/\/konveka.metamark-dev.com\/en\/kontaktai\/\"]}]},{\"@type\":\"BreadcrumbList\",\"@id\":\"https:\/\/konveka.metamark-dev.com\/en\/kontaktai\/#breadcrumb\",\"itemListElement\":[{\"@type\":\"ListItem\",\"position\":1,\"name\":\"Home\",\"item\":\"https:\/\/konveka.metamark-dev.com\/en\/\"},{\"@type\":\"ListItem\",\"position\":2,\"name\":\"Contacts\"}]},{\"@type\":\"WebSite\",\"@id\":\"https:\/\/konveka.metamark-dev.com\/en\/#website\",\"url\":\"https:\/\/konveka.metamark-dev.com\/en\/\",\"name\":\"Konveka\",\"description\":\"\",\"potentialAction\":[{\"@type\":\"SearchAction\",\"target\":{\"@type\":\"EntryPoint\",\"urlTemplate\":\"https:\/\/konveka.metamark-dev.com\/en\/?s={search_term_string}\"},\"query-input\":{\"@type\":\"PropertyValueSpecification\",\"valueRequired\":true,\"valueName\":\"search_term_string\"}}],\"inLanguage\":\"en-US\"}]}<\/script>\n<!-- \/ Yoast SEO plugin. -->","yoast_head_json":{"title":"Contacts - Konveka","robots":{"index":"noindex","follow":"follow","max-snippet":"max-snippet:-1","max-image-preview":"max-image-preview:large","max-video-preview":"max-video-preview:-1"},"og_locale":"en_US","og_type":"article","og_title":"Contacts - Konveka","og_url":"https:\/\/konveka.metamark-dev.com\/en\/kontaktai\/","og_site_name":"Konveka","article_modified_time":"2025-05-02T07:08:54+00:00","twitter_card":"summary_large_image","twitter_misc":{"Est. reading time":"1 minute"},"schema":{"@context":"https:\/\/schema.org","@graph":[{"@type":"WebPage","@id":"https:\/\/konveka.metamark-dev.com\/en\/kontaktai\/","url":"https:\/\/konveka.metamark-dev.com\/en\/kontaktai\/","name":"Contacts - Konveka","isPartOf":{"@id":"https:\/\/konveka.metamark-dev.com\/en\/#website"},"datePublished":"2024-11-29T14:42:07+00:00","dateModified":"2025-05-02T07:08:54+00:00","breadcrumb":{"@id":"https:\/\/konveka.metamark-dev.com\/en\/kontaktai\/#breadcrumb"},"inLanguage":"en-US","potentialAction":[{"@type":"ReadAction","target":["https:\/\/konveka.metamark-dev.com\/en\/kontaktai\/"]}]},{"@type":"BreadcrumbList","@id":"https:\/\/konveka.metamark-dev.com\/en\/kontaktai\/#breadcrumb","itemListElement":[{"@type":"ListItem","position":1,"name":"Home","item":"https:\/\/konveka.metamark-dev.com\/en\/"},{"@type":"ListItem","position":2,"name":"Contacts"}]},{"@type":"WebSite","@id":"https:\/\/konveka.metamark-dev.com\/en\/#website","url":"https:\/\/konveka.metamark-dev.com\/en\/","name":"Konveka","description":"","potentialAction":[{"@type":"SearchAction","target":{"@type":"EntryPoint","urlTemplate":"https:\/\/konveka.metamark-dev.com\/en\/?s={search_term_string}"},"query-input":{"@type":"PropertyValueSpecification","valueRequired":true,"valueName":"search_term_string"}}],"inLanguage":"en-US"}]}},"_links":{"self":[{"href":"https:\/\/konveka.metamark-dev.com\/en\/wp-json\/wp\/v2\/pages\/4055","targetHints":{"allow":["GET"]}}],"collection":[{"href":"https:\/\/konveka.metamark-dev.com\/en\/wp-json\/wp\/v2\/pages"}],"about":[{"href":"https:\/\/konveka.metamark-dev.com\/en\/wp-json\/wp\/v2\/types\/page"}],"author":[{"embeddable":true,"href":"https:\/\/konveka.metamark-dev.com\/en\/wp-json\/wp\/v2\/users\/1"}],"replies":[{"embeddable":true,"href":"https:\/\/konveka.metamark-dev.com\/en\/wp-json\/wp\/v2\/comments?post=4055"}],"version-history":[{"count":6,"href":"https:\/\/konveka.metamark-dev.com\/en\/wp-json\/wp\/v2\/pages\/4055\/revisions"}],"predecessor-version":[{"id":6447,"href":"https:\/\/konveka.metamark-dev.com\/en\/wp-json\/wp\/v2\/pages\/4055\/revisions\/6447"}],"wp:attachment":[{"href":"https:\/\/konveka.metamark-dev.com\/en\/wp-json\/wp\/v2\/media?parent=4055"}],"curies":[{"name":"wp","href":"https:\/\/api.w.org\/{rel}","templated":true}]}}